{"id":17,"date":"2025-09-03T18:39:48","date_gmt":"2025-09-03T18:39:48","guid":{"rendered":"https:\/\/dmportafolio.com\/?page_id=17"},"modified":"2025-10-23T09:56:06","modified_gmt":"2025-10-23T09:56:06","slug":"nosotros","status":"publish","type":"page","link":"https:\/\/dmportafolio.com\/index.php\/nosotros\/","title":{"rendered":"NOSOTROS"},"content":{"rendered":"\n<div class=\"wp-block-group alignfull has-contrast-background-color has-background has-global-padding is-layout-constrained wp-container-core-group-is-layout-669513ed wp-block-group-is-layout-constrained\" style=\"margin-top:0;margin-bottom:0;padding-top:var(--wp--preset--spacing--50);padding-right:var(--wp--preset--spacing--50);padding-bottom:var(--wp--preset--spacing--50);padding-left:var(--wp--preset--spacing--50)\">\n<div class=\"wp-block-columns alignwide is-layout-flex wp-container-core-columns-is-layout-1da03c2a wp-block-columns-is-layout-flex\">\n<div class=\"wp-block-column is-vertically-aligned-stretch is-layout-flow wp-block-column-is-layout-flow\" style=\"flex-basis:50%\">\n<div class=\"wp-block-group has-base-2-color has-text-color has-link-color wp-elements-4cb8375634260513e91327e5b5f4f98f is-vertical is-content-justification-stretch is-layout-flex wp-container-core-group-is-layout-444d5ee8 wp-block-group-is-layout-flex\" style=\"min-height:100%\">\n<h2 class=\"wp-block-heading has-base-2-color has-text-color has-link-color wp-elements-91d3b007768eed2cfc9913cf6a1709a3\">DANIELLA MU\u00d1OZ<\/h2>\n\n\n\n<p>El contenido, como el deporte, es algo que se vive. Despu\u00e9s de pasar 11 a\u00f1os en el atletismo y 4 a\u00f1os en la selecci\u00f3n nacional decid\u00ee juntar mis tres pasiones. La creaci\u00f3n de contenido, la comunicaci\u00f3n y el deporte. <\/p>\n\n\n\n<p>Me llamo Daniella Mu\u00f1oz y cuando estuve apunte de terminar mi maestr\u00eda de Marketing y Direcci\u00f3n Comercial en la UPV\/EHU commence a crear contenido para el instagram del Club atl\u00e9tico Getxo, el club donde compet\u00eda lanzando la jabalina. <\/p>\n\n\n\n<p>Poco a poco comenc\u00e9 a comunicar la esencia detr\u00e1s de cada victoria, cada partido, cada deporte y cada atleta. <\/p>\n\n\n\n<div class=\"wp-block-group has-global-padding is-content-justification-left is-layout-constrained wp-container-core-group-is-layout-9fe8ed88 wp-block-group-is-layout-constrained\">\n<p class=\"wp-container-content-0733e5d0\"><\/p>\n<\/div>\n<\/div>\n<\/div>\n\n\n\n<div class=\"wp-block-column is-vertically-aligned-center is-layout-flow wp-block-column-is-layout-flow\" style=\"flex-basis:50%\">\n<figure class=\"wp-block-image size-large is-style-rounded is-style-rounded--1\"><img loading=\"lazy\" decoding=\"async\" width=\"1024\" height=\"575\" src=\"https:\/\/dmportafolio.com\/wp-content\/uploads\/2025\/09\/7f4c7a95-b300-4c8a-bc13-08db3a4cd240-1024x575.jpg\" alt=\"\" class=\"wp-image-30\" style=\"aspect-ratio:3\/4;object-fit:cover\" srcset=\"https:\/\/dmportafolio.com\/wp-content\/uploads\/2025\/09\/7f4c7a95-b300-4c8a-bc13-08db3a4cd240-1024x575.jpg 1024w, https:\/\/dmportafolio.com\/wp-content\/uploads\/2025\/09\/7f4c7a95-b300-4c8a-bc13-08db3a4cd240-300x169.jpg 300w, https:\/\/dmportafolio.com\/wp-content\/uploads\/2025\/09\/7f4c7a95-b300-4c8a-bc13-08db3a4cd240-768x432.jpg 768w, https:\/\/dmportafolio.com\/wp-content\/uploads\/2025\/09\/7f4c7a95-b300-4c8a-bc13-08db3a4cd240-1536x863.jpg 1536w, https:\/\/dmportafolio.com\/wp-content\/uploads\/2025\/09\/7f4c7a95-b300-4c8a-bc13-08db3a4cd240.jpg 1600w\" sizes=\"auto, (max-width: 1024px) 100vw, 1024px\" \/><\/figure>\n<\/div>\n<\/div>\n<\/div>\n\n\n\n<div class=\"wp-block-group alignfull has-base-background-color has-background has-global-padding is-layout-constrained wp-container-core-group-is-layout-d89aad35 wp-block-group-is-layout-constrained\" style=\"margin-top:0;margin-bottom:0;padding-top:var(--wp--preset--spacing--50);padding-right:var(--wp--preset--spacing--50);padding-bottom:var(--wp--preset--spacing--50);padding-left:var(--wp--preset--spacing--50)\">\n<div class=\"wp-block-columns alignwide is-layout-flex wp-container-core-columns-is-layout-549b0c86 wp-block-columns-is-layout-flex\">\n<div class=\"wp-block-column has-global-padding is-content-justification-left is-layout-constrained wp-container-core-column-is-layout-4920375c wp-block-column-is-layout-constrained\" style=\"flex-basis:40%\">\n<figure class=\"wp-block-image size-large has-custom-border is-style-rounded is-style-rounded--2\"><img loading=\"lazy\" decoding=\"async\" width=\"763\" height=\"1024\" src=\"https:\/\/dmportafolio.com\/wp-content\/uploads\/2025\/09\/Captura-de-Pantalla-2025-06-23-a-las-8.43.07-763x1024.jpg\" alt=\"\" class=\"wp-image-59\" style=\"border-style:none;border-width:0px\" srcset=\"https:\/\/dmportafolio.com\/wp-content\/uploads\/2025\/09\/Captura-de-Pantalla-2025-06-23-a-las-8.43.07-763x1024.jpg 763w, https:\/\/dmportafolio.com\/wp-content\/uploads\/2025\/09\/Captura-de-Pantalla-2025-06-23-a-las-8.43.07-224x300.jpg 224w, https:\/\/dmportafolio.com\/wp-content\/uploads\/2025\/09\/Captura-de-Pantalla-2025-06-23-a-las-8.43.07-768x1030.jpg 768w, https:\/\/dmportafolio.com\/wp-content\/uploads\/2025\/09\/Captura-de-Pantalla-2025-06-23-a-las-8.43.07-1145x1536.jpg 1145w, https:\/\/dmportafolio.com\/wp-content\/uploads\/2025\/09\/Captura-de-Pantalla-2025-06-23-a-las-8.43.07.jpg 1440w\" sizes=\"auto, (max-width: 763px) 100vw, 763px\" \/><\/figure>\n<\/div>\n\n\n\n<div class=\"wp-block-column is-layout-flow wp-container-core-column-is-layout-119bc444 wp-block-column-is-layout-flow\" style=\"flex-basis:60%\">\n<div class=\"wp-block-columns is-layout-flex wp-container-core-columns-is-layout-87beb0d0 wp-block-columns-is-layout-flex\">\n<div class=\"wp-block-column is-layout-flow wp-block-column-is-layout-flow\">\n<p class=\"wp-container-content-9cfa9a5a\">DM Portafolio nace de una pasi\u00f3n compartida: contar el deporte desde dentro. Este proyecto se especializa  en la comunicaci\u00f3n y la creaci\u00f3n de contenido deportivo, comprometido con dar visibilidad, emoci\u00f3n y profundidad a cada historia detr\u00e1s del juego.<\/p>\n\n\n\n<p class=\"wp-container-content-9cfa9a5a\"><br>Se enfoca en producir contenido aut\u00e9ntico, din\u00e1mico y estrat\u00e9gico para clubes, deportistas, marcas y medios, adapt\u00e1ndonos a cada plataforma y audiencia. <\/p>\n\n\n\n<p class=\"wp-container-content-9cfa9a5a\"><\/p>\n<\/div>\n\n\n\n<div class=\"wp-block-column is-layout-flow wp-block-column-is-layout-flow\">\n<p>Desde contenido de Instagram y editoriales hasta paginas webs, trabajamos para conectar el deporte con las personas de forma real y poderosa.<\/p>\n\n\n\n<p><br>El deporte no solo se juega, tambi\u00e9n se cuenta. Y en DM Portafolio, lo contamos bien.<\/p>\n<\/div>\n<\/div>\n<\/div>\n<\/div>\n<\/div>\n\n\n\n<p><\/p>\n","protected":false},"excerpt":{"rendered":"<p>DANIELLA MU\u00d1OZ El contenido, como el deporte, es algo que se vive. Despu\u00e9s de pasar 11 a\u00f1os en el atletismo y 4 a\u00f1os en la selecci\u00f3n nacional decid\u00ee juntar mis tres pasiones. La creaci\u00f3n de contenido, la comunicaci\u00f3n y el deporte. Me llamo Daniella Mu\u00f1oz y cuando estuve apunte de terminar mi maestr\u00eda de Marketing [&hellip;]<\/p>\n","protected":false},"author":1,"featured_media":0,"parent":0,"menu_order":0,"comment_status":"closed","ping_status":"closed","template":"","meta":{"footnotes":""},"class_list":["post-17","page","type-page","status-publish","hentry"],"yoast_head":"<!-- This site is optimized with the Yoast SEO plugin v25.9 - https:\/\/yoast.com\/wordpress\/plugins\/seo\/ -->\n<title>NOSOTROS - dmportafolio<\/title>\n<meta name=\"description\" content=\"Me llamo Daniella Mu\u00f1oz y cuando estuve apunte de terminar mi maestr\u00eda de Marketing y Direcci\u00f3n Comercial en la UPV\/EHU commence a crear\" \/>\n<meta name=\"robots\" content=\"index, follow, max-snippet:-1, max-image-preview:large, max-video-preview:-1\" \/>\n<link rel=\"canonical\" href=\"https:\/\/dmportafolio.com\/index.php\/nosotros\/\" \/>\n<meta property=\"og:locale\" content=\"en_US\" \/>\n<meta property=\"og:type\" content=\"article\" \/>\n<meta property=\"og:title\" content=\"NOSOTROS - dmportafolio\" \/>\n<meta property=\"og:description\" content=\"Me llamo Daniella Mu\u00f1oz y cuando estuve apunte de terminar mi maestr\u00eda de Marketing y Direcci\u00f3n Comercial en la UPV\/EHU commence a crear\" \/>\n<meta property=\"og:url\" content=\"https:\/\/dmportafolio.com\/index.php\/nosotros\/\" \/>\n<meta property=\"og:site_name\" content=\"dmportafolio\" \/>\n<meta property=\"article:modified_time\" content=\"2025-10-23T09:56:06+00:00\" \/>\n<meta property=\"og:image\" content=\"https:\/\/dmportafolio.com\/wp-content\/uploads\/2025\/09\/7f4c7a95-b300-4c8a-bc13-08db3a4cd240.jpg\" \/>\n\t<meta property=\"og:image:width\" content=\"1600\" \/>\n\t<meta property=\"og:image:height\" content=\"899\" \/>\n\t<meta property=\"og:image:type\" content=\"image\/jpeg\" \/>\n<meta name=\"twitter:card\" content=\"summary_large_image\" \/>\n<meta name=\"twitter:label1\" content=\"Est. reading time\" \/>\n\t<meta name=\"twitter:data1\" content=\"2 minutes\" \/>\n<script type=\"application\/ld+json\" class=\"yoast-schema-graph\">{\"@context\":\"https:\/\/schema.org\",\"@graph\":[{\"@type\":\"WebPage\",\"@id\":\"https:\/\/dmportafolio.com\/index.php\/nosotros\/\",\"url\":\"https:\/\/dmportafolio.com\/index.php\/nosotros\/\",\"name\":\"NOSOTROS - dmportafolio\",\"isPartOf\":{\"@id\":\"https:\/\/dmportafolio.com\/#website\"},\"primaryImageOfPage\":{\"@id\":\"https:\/\/dmportafolio.com\/index.php\/nosotros\/#primaryimage\"},\"image\":{\"@id\":\"https:\/\/dmportafolio.com\/index.php\/nosotros\/#primaryimage\"},\"thumbnailUrl\":\"https:\/\/dmportafolio.com\/wp-content\/uploads\/2025\/09\/7f4c7a95-b300-4c8a-bc13-08db3a4cd240-1024x575.jpg\",\"datePublished\":\"2025-09-03T18:39:48+00:00\",\"dateModified\":\"2025-10-23T09:56:06+00:00\",\"description\":\"Me llamo Daniella Mu\u00f1oz y cuando estuve apunte de terminar mi maestr\u00eda de Marketing y Direcci\u00f3n Comercial en la UPV\/EHU commence a crear\",\"breadcrumb\":{\"@id\":\"https:\/\/dmportafolio.com\/index.php\/nosotros\/#breadcrumb\"},\"inLanguage\":\"en-US\",\"potentialAction\":[{\"@type\":\"ReadAction\",\"target\":[\"https:\/\/dmportafolio.com\/index.php\/nosotros\/\"]}]},{\"@type\":\"ImageObject\",\"inLanguage\":\"en-US\",\"@id\":\"https:\/\/dmportafolio.com\/index.php\/nosotros\/#primaryimage\",\"url\":\"https:\/\/dmportafolio.com\/wp-content\/uploads\/2025\/09\/7f4c7a95-b300-4c8a-bc13-08db3a4cd240.jpg\",\"contentUrl\":\"https:\/\/dmportafolio.com\/wp-content\/uploads\/2025\/09\/7f4c7a95-b300-4c8a-bc13-08db3a4cd240.jpg\",\"width\":1600,\"height\":899},{\"@type\":\"BreadcrumbList\",\"@id\":\"https:\/\/dmportafolio.com\/index.php\/nosotros\/#breadcrumb\",\"itemListElement\":[{\"@type\":\"ListItem\",\"position\":1,\"name\":\"Home\",\"item\":\"https:\/\/dmportafolio.com\/\"},{\"@type\":\"ListItem\",\"position\":2,\"name\":\"NOSOTROS\"}]},{\"@type\":\"WebSite\",\"@id\":\"https:\/\/dmportafolio.com\/#website\",\"url\":\"https:\/\/dmportafolio.com\/\",\"name\":\"dmportafolio\",\"description\":\"\",\"potentialAction\":[{\"@type\":\"SearchAction\",\"target\":{\"@type\":\"EntryPoint\",\"urlTemplate\":\"https:\/\/dmportafolio.com\/?s={search_term_string}\"},\"query-input\":{\"@type\":\"PropertyValueSpecification\",\"valueRequired\":true,\"valueName\":\"search_term_string\"}}],\"inLanguage\":\"en-US\"}]}<\/script>\n<!-- \/ Yoast SEO plugin. -->","yoast_head_json":{"title":"NOSOTROS - dmportafolio","description":"Me llamo Daniella Mu\u00f1oz y cuando estuve apunte de terminar mi maestr\u00eda de Marketing y Direcci\u00f3n Comercial en la UPV\/EHU commence a crear","robots":{"index":"index","follow":"follow","max-snippet":"max-snippet:-1","max-image-preview":"max-image-preview:large","max-video-preview":"max-video-preview:-1"},"canonical":"https:\/\/dmportafolio.com\/index.php\/nosotros\/","og_locale":"en_US","og_type":"article","og_title":"NOSOTROS - dmportafolio","og_description":"Me llamo Daniella Mu\u00f1oz y cuando estuve apunte de terminar mi maestr\u00eda de Marketing y Direcci\u00f3n Comercial en la UPV\/EHU commence a crear","og_url":"https:\/\/dmportafolio.com\/index.php\/nosotros\/","og_site_name":"dmportafolio","article_modified_time":"2025-10-23T09:56:06+00:00","og_image":[{"width":1600,"height":899,"url":"https:\/\/dmportafolio.com\/wp-content\/uploads\/2025\/09\/7f4c7a95-b300-4c8a-bc13-08db3a4cd240.jpg","type":"image\/jpeg"}],"twitter_card":"summary_large_image","twitter_misc":{"Est. reading time":"2 minutes"},"schema":{"@context":"https:\/\/schema.org","@graph":[{"@type":"WebPage","@id":"https:\/\/dmportafolio.com\/index.php\/nosotros\/","url":"https:\/\/dmportafolio.com\/index.php\/nosotros\/","name":"NOSOTROS - dmportafolio","isPartOf":{"@id":"https:\/\/dmportafolio.com\/#website"},"primaryImageOfPage":{"@id":"https:\/\/dmportafolio.com\/index.php\/nosotros\/#primaryimage"},"image":{"@id":"https:\/\/dmportafolio.com\/index.php\/nosotros\/#primaryimage"},"thumbnailUrl":"https:\/\/dmportafolio.com\/wp-content\/uploads\/2025\/09\/7f4c7a95-b300-4c8a-bc13-08db3a4cd240-1024x575.jpg","datePublished":"2025-09-03T18:39:48+00:00","dateModified":"2025-10-23T09:56:06+00:00","description":"Me llamo Daniella Mu\u00f1oz y cuando estuve apunte de terminar mi maestr\u00eda de Marketing y Direcci\u00f3n Comercial en la UPV\/EHU commence a crear","breadcrumb":{"@id":"https:\/\/dmportafolio.com\/index.php\/nosotros\/#breadcrumb"},"inLanguage":"en-US","potentialAction":[{"@type":"ReadAction","target":["https:\/\/dmportafolio.com\/index.php\/nosotros\/"]}]},{"@type":"ImageObject","inLanguage":"en-US","@id":"https:\/\/dmportafolio.com\/index.php\/nosotros\/#primaryimage","url":"https:\/\/dmportafolio.com\/wp-content\/uploads\/2025\/09\/7f4c7a95-b300-4c8a-bc13-08db3a4cd240.jpg","contentUrl":"https:\/\/dmportafolio.com\/wp-content\/uploads\/2025\/09\/7f4c7a95-b300-4c8a-bc13-08db3a4cd240.jpg","width":1600,"height":899},{"@type":"BreadcrumbList","@id":"https:\/\/dmportafolio.com\/index.php\/nosotros\/#breadcrumb","itemListElement":[{"@type":"ListItem","position":1,"name":"Home","item":"https:\/\/dmportafolio.com\/"},{"@type":"ListItem","position":2,"name":"NOSOTROS"}]},{"@type":"WebSite","@id":"https:\/\/dmportafolio.com\/#website","url":"https:\/\/dmportafolio.com\/","name":"dmportafolio","description":"","potentialAction":[{"@type":"SearchAction","target":{"@type":"EntryPoint","urlTemplate":"https:\/\/dmportafolio.com\/?s={search_term_string}"},"query-input":{"@type":"PropertyValueSpecification","valueRequired":true,"valueName":"search_term_string"}}],"inLanguage":"en-US"}]}},"_links":{"self":[{"href":"https:\/\/dmportafolio.com\/index.php\/wp-json\/wp\/v2\/pages\/17","targetHints":{"allow":["GET"]}}],"collection":[{"href":"https:\/\/dmportafolio.com\/index.php\/wp-json\/wp\/v2\/pages"}],"about":[{"href":"https:\/\/dmportafolio.com\/index.php\/wp-json\/wp\/v2\/types\/page"}],"author":[{"embeddable":true,"href":"https:\/\/dmportafolio.com\/index.php\/wp-json\/wp\/v2\/users\/1"}],"replies":[{"embeddable":true,"href":"https:\/\/dmportafolio.com\/index.php\/wp-json\/wp\/v2\/comments?post=17"}],"version-history":[{"count":14,"href":"https:\/\/dmportafolio.com\/index.php\/wp-json\/wp\/v2\/pages\/17\/revisions"}],"predecessor-version":[{"id":206,"href":"https:\/\/dmportafolio.com\/index.php\/wp-json\/wp\/v2\/pages\/17\/revisions\/206"}],"wp:attachment":[{"href":"https:\/\/dmportafolio.com\/index.php\/wp-json\/wp\/v2\/media?parent=17"}],"curies":[{"name":"wp","href":"https:\/\/api.w.org\/{rel}","templated":true}]}}